{"id":192,"date":"2023-10-26T23:15:51","date_gmt":"2023-10-27T03:15:51","guid":{"rendered":"https:\/\/dempton.com\/?page_id=192"},"modified":"2024-01-29T11:40:36","modified_gmt":"2024-01-29T16:40:36","slug":"carriere","status":"publish","type":"page","link":"https:\/\/dempton.com\/en\/carriere\/","title":{"rendered":"Career"},"content":{"rendered":"\n<p class=\"has-large-font-size\">At Dempton, we are much more than just an information technology consulting firm. We are the architects of change, the facilitators of innovation and the creators of avant-garde digital solutions. If you aspire to make a career with a dynamic, state-of-the-art team and help shape the digital future, then you&#8217;ve come to the right place.<\/p>\n\n\n\n<div class=\"wp-block-columns is-layout-flex wp-container-core-columns-is-layout-28f84493 wp-block-columns-is-layout-flex\">\n<div class=\"wp-block-column is-layout-flow wp-block-column-is-layout-flow\"><div class=\"bullet-text\">\n    <p>At Dempton, the emphasis is on friendliness, professional excellence, and creativity.<\/p>\n<\/div><\/div>\n\n\n\n<div class=\"wp-block-column is-layout-flow wp-block-column-is-layout-flow\"><div class=\"bullet-text\">\n    <p>We are a close-knit team where each member contributes to success through stimulating projects led by exceptional talents.<\/p>\n<\/div><\/div>\n\n\n\n<div class=\"wp-block-column is-layout-flow wp-block-column-is-layout-flow\"><div class=\"bullet-text\">\n    <p>Dempton promotes rapid integration and an exceptional work atmosphere.<\/p>\n<\/div><\/div>\n<\/div>\n\n\n\n<div class=\"wp-block-columns is-layout-flex wp-container-core-columns-is-layout-28f84493 wp-block-columns-is-layout-flex\">\n<div class=\"wp-block-column is-layout-flow wp-block-column-is-layout-flow\"><div class=\"bullet-text\">\n    <p>We encourage professional development and career advancement, with a commitment to continuous training.<\/p>\n<\/div><\/div>\n\n\n\n<div class=\"wp-block-column is-layout-flow wp-block-column-is-layout-flow\"><div class=\"bullet-text\">\n    <p>Our clear vision and common goals guide our team towards collective success.<\/p>\n<\/div><\/div>\n\n\n\n<div class=\"wp-block-column is-layout-flow wp-block-column-is-layout-flow\"><div class=\"bullet-text\">\n    <p>Dempton promotes a balance between professional and personal life, while valuing entrepreneurship and individual leadership.<\/p>\n<\/div><\/div>\n<\/div>\n","protected":false},"excerpt":{"rendered":"<p>At Dempton, we are much more than just an information technology consulting firm. We are the architects of change, the facilitators of innovation and the creators of avant-garde digital solutions. If you aspire to make a career with a dynamic, state-of-the-art team and help shape the digital future, then you&#8217;ve come to the right place.<\/p>\n","protected":false},"author":1,"featured_media":290,"parent":0,"menu_order":0,"comment_status":"closed","ping_status":"closed","template":"templates\/career.php","meta":{"_acf_changed":false,"footnotes":""},"class_list":["post-192","page","type-page","status-publish","has-post-thumbnail","hentry"],"acf":[],"yoast_head":"<!-- This site is optimized with the Yoast SEO plugin v27.3 - https:\/\/yoast.com\/product\/yoast-seo-wordpress\/ -->\n<title>Career - Dempton<\/title>\n<meta name=\"description\" content=\"Faites carri\u00e8re chez Dempton, une \u00e9quipe dynamique \u00e0 la pointe de la technologie qui contribue \u00e0 fa\u00e7onner le futur num\u00e9rique.\" \/>\n<meta name=\"robots\" content=\"index, follow, max-snippet:-1, max-image-preview:large, max-video-preview:-1\" \/>\n<link rel=\"canonical\" href=\"https:\/\/dempton.com\/en\/carriere\/\" \/>\n<meta property=\"og:locale\" content=\"en_US\" \/>\n<meta property=\"og:type\" content=\"article\" \/>\n<meta property=\"og:title\" content=\"Career - Dempton\" \/>\n<meta property=\"og:description\" content=\"Faites carri\u00e8re chez Dempton, une \u00e9quipe dynamique \u00e0 la pointe de la technologie qui contribue \u00e0 fa\u00e7onner le futur num\u00e9rique.\" \/>\n<meta property=\"og:url\" content=\"https:\/\/dempton.com\/en\/carriere\/\" \/>\n<meta property=\"og:site_name\" content=\"Dempton\" \/>\n<meta property=\"article:modified_time\" content=\"2024-01-29T16:40:36+00:00\" \/>\n<meta property=\"og:image\" content=\"https:\/\/dempton.com\/wp-content\/uploads\/2023\/11\/carriere-scaled.jpg\" \/>\n\t<meta property=\"og:image:width\" content=\"2560\" \/>\n\t<meta property=\"og:image:height\" content=\"1316\" \/>\n\t<meta property=\"og:image:type\" content=\"image\/jpeg\" \/>\n<meta name=\"twitter:card\" content=\"summary_large_image\" \/>\n<meta name=\"twitter:label1\" content=\"Est. reading time\" \/>\n\t<meta name=\"twitter:data1\" content=\"1 minute\" \/>\n<script type=\"application\/ld+json\" class=\"yoast-schema-graph\">{\"@context\":\"https:\\\/\\\/schema.org\",\"@graph\":[{\"@type\":\"WebPage\",\"@id\":\"https:\\\/\\\/dempton.com\\\/en\\\/carriere\\\/\",\"url\":\"https:\\\/\\\/dempton.com\\\/en\\\/carriere\\\/\",\"name\":\"Career - Dempton\",\"isPartOf\":{\"@id\":\"https:\\\/\\\/dempton.com\\\/#website\"},\"primaryImageOfPage\":{\"@id\":\"https:\\\/\\\/dempton.com\\\/en\\\/carriere\\\/#primaryimage\"},\"image\":{\"@id\":\"https:\\\/\\\/dempton.com\\\/en\\\/carriere\\\/#primaryimage\"},\"thumbnailUrl\":\"https:\\\/\\\/dempton.com\\\/wp-content\\\/uploads\\\/2023\\\/11\\\/carriere-scaled.jpg\",\"datePublished\":\"2023-10-27T03:15:51+00:00\",\"dateModified\":\"2024-01-29T16:40:36+00:00\",\"description\":\"Faites carri\u00e8re chez Dempton, une \u00e9quipe dynamique \u00e0 la pointe de la technologie qui contribue \u00e0 fa\u00e7onner le futur num\u00e9rique.\",\"breadcrumb\":{\"@id\":\"https:\\\/\\\/dempton.com\\\/en\\\/carriere\\\/#breadcrumb\"},\"inLanguage\":\"en-US\",\"potentialAction\":[{\"@type\":\"ReadAction\",\"target\":[\"https:\\\/\\\/dempton.com\\\/en\\\/carriere\\\/\"]}]},{\"@type\":\"ImageObject\",\"inLanguage\":\"en-US\",\"@id\":\"https:\\\/\\\/dempton.com\\\/en\\\/carriere\\\/#primaryimage\",\"url\":\"https:\\\/\\\/dempton.com\\\/wp-content\\\/uploads\\\/2023\\\/11\\\/carriere-scaled.jpg\",\"contentUrl\":\"https:\\\/\\\/dempton.com\\\/wp-content\\\/uploads\\\/2023\\\/11\\\/carriere-scaled.jpg\",\"width\":2560,\"height\":1316},{\"@type\":\"BreadcrumbList\",\"@id\":\"https:\\\/\\\/dempton.com\\\/en\\\/carriere\\\/#breadcrumb\",\"itemListElement\":[{\"@type\":\"ListItem\",\"position\":1,\"name\":\"Accueil\",\"item\":\"https:\\\/\\\/dempton.com\\\/en\\\/\"},{\"@type\":\"ListItem\",\"position\":2,\"name\":\"Career\"}]},{\"@type\":\"WebSite\",\"@id\":\"https:\\\/\\\/dempton.com\\\/#website\",\"url\":\"https:\\\/\\\/dempton.com\\\/\",\"name\":\"Dempton\",\"description\":\"Cr\u00e9er de la valeur, ensemble.\",\"potentialAction\":[{\"@type\":\"SearchAction\",\"target\":{\"@type\":\"EntryPoint\",\"urlTemplate\":\"https:\\\/\\\/dempton.com\\\/?s={search_term_string}\"},\"query-input\":{\"@type\":\"PropertyValueSpecification\",\"valueRequired\":true,\"valueName\":\"search_term_string\"}}],\"inLanguage\":\"en-US\"}]}<\/script>\n<!-- \/ Yoast SEO plugin. -->","yoast_head_json":{"title":"Career - Dempton","description":"Faites carri\u00e8re chez Dempton, une \u00e9quipe dynamique \u00e0 la pointe de la technologie qui contribue \u00e0 fa\u00e7onner le futur num\u00e9rique.","robots":{"index":"index","follow":"follow","max-snippet":"max-snippet:-1","max-image-preview":"max-image-preview:large","max-video-preview":"max-video-preview:-1"},"canonical":"https:\/\/dempton.com\/en\/carriere\/","og_locale":"en_US","og_type":"article","og_title":"Career - Dempton","og_description":"Faites carri\u00e8re chez Dempton, une \u00e9quipe dynamique \u00e0 la pointe de la technologie qui contribue \u00e0 fa\u00e7onner le futur num\u00e9rique.","og_url":"https:\/\/dempton.com\/en\/carriere\/","og_site_name":"Dempton","article_modified_time":"2024-01-29T16:40:36+00:00","og_image":[{"width":2560,"height":1316,"url":"https:\/\/dempton.com\/wp-content\/uploads\/2023\/11\/carriere-scaled.jpg","type":"image\/jpeg"}],"twitter_card":"summary_large_image","twitter_misc":{"Est. reading time":"1 minute"},"schema":{"@context":"https:\/\/schema.org","@graph":[{"@type":"WebPage","@id":"https:\/\/dempton.com\/en\/carriere\/","url":"https:\/\/dempton.com\/en\/carriere\/","name":"Career - Dempton","isPartOf":{"@id":"https:\/\/dempton.com\/#website"},"primaryImageOfPage":{"@id":"https:\/\/dempton.com\/en\/carriere\/#primaryimage"},"image":{"@id":"https:\/\/dempton.com\/en\/carriere\/#primaryimage"},"thumbnailUrl":"https:\/\/dempton.com\/wp-content\/uploads\/2023\/11\/carriere-scaled.jpg","datePublished":"2023-10-27T03:15:51+00:00","dateModified":"2024-01-29T16:40:36+00:00","description":"Faites carri\u00e8re chez Dempton, une \u00e9quipe dynamique \u00e0 la pointe de la technologie qui contribue \u00e0 fa\u00e7onner le futur num\u00e9rique.","breadcrumb":{"@id":"https:\/\/dempton.com\/en\/carriere\/#breadcrumb"},"inLanguage":"en-US","potentialAction":[{"@type":"ReadAction","target":["https:\/\/dempton.com\/en\/carriere\/"]}]},{"@type":"ImageObject","inLanguage":"en-US","@id":"https:\/\/dempton.com\/en\/carriere\/#primaryimage","url":"https:\/\/dempton.com\/wp-content\/uploads\/2023\/11\/carriere-scaled.jpg","contentUrl":"https:\/\/dempton.com\/wp-content\/uploads\/2023\/11\/carriere-scaled.jpg","width":2560,"height":1316},{"@type":"BreadcrumbList","@id":"https:\/\/dempton.com\/en\/carriere\/#breadcrumb","itemListElement":[{"@type":"ListItem","position":1,"name":"Accueil","item":"https:\/\/dempton.com\/en\/"},{"@type":"ListItem","position":2,"name":"Career"}]},{"@type":"WebSite","@id":"https:\/\/dempton.com\/#website","url":"https:\/\/dempton.com\/","name":"Dempton","description":"Cr\u00e9er de la valeur, ensemble.","potentialAction":[{"@type":"SearchAction","target":{"@type":"EntryPoint","urlTemplate":"https:\/\/dempton.com\/?s={search_term_string}"},"query-input":{"@type":"PropertyValueSpecification","valueRequired":true,"valueName":"search_term_string"}}],"inLanguage":"en-US"}]}},"_links":{"self":[{"href":"https:\/\/dempton.com\/en\/wp-json\/wp\/v2\/pages\/192","targetHints":{"allow":["GET"]}}],"collection":[{"href":"https:\/\/dempton.com\/en\/wp-json\/wp\/v2\/pages"}],"about":[{"href":"https:\/\/dempton.com\/en\/wp-json\/wp\/v2\/types\/page"}],"author":[{"embeddable":true,"href":"https:\/\/dempton.com\/en\/wp-json\/wp\/v2\/users\/1"}],"replies":[{"embeddable":true,"href":"https:\/\/dempton.com\/en\/wp-json\/wp\/v2\/comments?post=192"}],"version-history":[{"count":16,"href":"https:\/\/dempton.com\/en\/wp-json\/wp\/v2\/pages\/192\/revisions"}],"predecessor-version":[{"id":408,"href":"https:\/\/dempton.com\/en\/wp-json\/wp\/v2\/pages\/192\/revisions\/408"}],"wp:featuredmedia":[{"embeddable":true,"href":"https:\/\/dempton.com\/en\/wp-json\/wp\/v2\/media\/290"}],"wp:attachment":[{"href":"https:\/\/dempton.com\/en\/wp-json\/wp\/v2\/media?parent=192"}],"curies":[{"name":"wp","href":"https:\/\/api.w.org\/{rel}","templated":true}]}}